{"id":469,"date":"2024-10-07T11:48:25","date_gmt":"2024-10-07T11:48:25","guid":{"rendered":"https:\/\/www.ventureo.fr\/?page_id=469"},"modified":"2024-10-11T09:00:56","modified_gmt":"2024-10-11T09:00:56","slug":"blog","status":"publish","type":"page","link":"https:\/\/ventureo.fr\/en\/blog\/","title":{"rendered":"Blog"},"content":{"rendered":"<div class=\"wp-block-query is-layout-flow wp-block-query-is-layout-flow\"><ul class=\"wp-block-post-template is-layout-flow wp-block-post-template-is-layout-flow\"><li class=\"wp-block-post post-5167 post type-post status-publish format-standard has-post-thumbnail hentry category-uncategorized\">\n<h2 class=\"wp-block-post-title\"><a href=\"https:\/\/ventureo.fr\/en\/ia-hotellerie-11-de-revenus-en-direct-par-mois-grace-a-lopen-innovation\/\" target=\"_self\" >AI &amp; hospitality: +11% in live revenue per month thanks to open innovation<\/a><\/h2>\n\n<figure class=\"alignwide wp-block-post-featured-image\"><a href=\"https:\/\/ventureo.fr\/en\/ia-hotellerie-11-de-revenus-en-direct-par-mois-grace-a-lopen-innovation\/\" target=\"_self\"  ><img decoding=\"async\" width=\"1280\" height=\"720\" src=\"https:\/\/ventureo.fr\/wp-content\/uploads\/2026\/02\/Miniature-Article-Vic-_15_.webp\" class=\"attachment-post-thumbnail size-post-thumbnail wp-post-image\" alt=\"IA &amp; h\u00f4tellerie : +11% de revenus en direct par mois gr\u00e2ce \u00e0 l\u2019open innovation\" style=\"object-fit:cover;\" srcset=\"https:\/\/ventureo.fr\/wp-content\/uploads\/2026\/02\/Miniature-Article-Vic-_15_.webp 1280w, https:\/\/ventureo.fr\/wp-content\/uploads\/2026\/02\/Miniature-Article-Vic-_15_-300x169.webp 300w, https:\/\/ventureo.fr\/wp-content\/uploads\/2026\/02\/Miniature-Article-Vic-_15_-1024x576.webp 1024w, https:\/\/ventureo.fr\/wp-content\/uploads\/2026\/02\/Miniature-Article-Vic-_15_-768x432.webp 768w, https:\/\/ventureo.fr\/wp-content\/uploads\/2026\/02\/Miniature-Article-Vic-_15_-18x10.webp 18w, https:\/\/ventureo.fr\/wp-content\/uploads\/2026\/02\/Miniature-Article-Vic-_15_-89x50.webp 89w\" sizes=\"(max-width: 1280px) 100vw, 1280px\" \/><\/a><\/figure>\n\n<div class=\"wp-block-post-excerpt\"><p class=\"wp-block-post-excerpt__excerpt\">Comment Ventureo d\u00e9ploie une solution data-driven en open innovation pour booster les revenus directs des h\u00f4tels Dans l\u2019industrie h\u00f4teli\u00e8re, la concurrence est de plus en plus intense.Les plateformes de r\u00e9servation en ligne (OTA) captent une part significative de la valeur, les co\u00fbts d\u2019acquisition augmentent, et les h\u00f4teliers doivent constamment arbitrer entre visibilit\u00e9, rentabilit\u00e9 et qualit\u00e9&hellip; <\/p><\/div>\n\n\n<hr class=\"wp-block-separator has-css-opacity\"\/>\n\n\n<div class=\"wp-block-post-date\"><time datetime=\"2026-02-03T15:57:45+01:00\">03\/02\/2026<\/time><\/div>\n<\/li><li class=\"wp-block-post post-3230 post type-post status-publish format-standard has-post-thumbnail hentry category-uncategorized\">\n<h2 class=\"wp-block-post-title\"><a href=\"https:\/\/ventureo.fr\/en\/phacet-vos-assistants-ia-pour-automatiser-le-travail-financier\/\" target=\"_self\" >Phacet: your AI assistants to automate financial work<\/a><\/h2>\n\n<figure class=\"alignwide wp-block-post-featured-image\"><a href=\"https:\/\/ventureo.fr\/en\/phacet-vos-assistants-ia-pour-automatiser-le-travail-financier\/\" target=\"_self\"  ><img decoding=\"async\" width=\"1280\" height=\"720\" src=\"https:\/\/ventureo.fr\/wp-content\/uploads\/2025\/09\/Miniature-Article-Vic-14.png\" class=\"attachment-post-thumbnail size-post-thumbnail wp-post-image\" alt=\"Phacet : vos assistants IA pour automatiser le travail financier\" style=\"object-fit:cover;\" srcset=\"https:\/\/ventureo.fr\/wp-content\/uploads\/2025\/09\/Miniature-Article-Vic-14.png 1280w, https:\/\/ventureo.fr\/wp-content\/uploads\/2025\/09\/Miniature-Article-Vic-14-300x169.png 300w, https:\/\/ventureo.fr\/wp-content\/uploads\/2025\/09\/Miniature-Article-Vic-14-1024x576.png 1024w, https:\/\/ventureo.fr\/wp-content\/uploads\/2025\/09\/Miniature-Article-Vic-14-768x432.png 768w, https:\/\/ventureo.fr\/wp-content\/uploads\/2025\/09\/Miniature-Article-Vic-14-18x10.png 18w, https:\/\/ventureo.fr\/wp-content\/uploads\/2025\/09\/Miniature-Article-Vic-14-89x50.png 89w\" sizes=\"(max-width: 1280px) 100vw, 1280px\" \/><\/a><\/figure>\n\n<div class=\"wp-block-post-excerpt\"><p class=\"wp-block-post-excerpt__excerpt\">\ud83d\udcca Trop d\u2019Excel, pas assez de temps. Quand la v\u00e9rification de factures, le contr\u00f4le des prix ou le suivi des fournisseurs vous prend des heures, c\u2019est que vos \u00e9quipes sont bloqu\u00e9es sur des t\u00e2ches qui pourraient \u00eatre automatis\u00e9es. Une plateforme pour cr\u00e9er des IA personnalis\u00e9es \ud83d\udc49 Phacet vous permet de d\u00e9ployer vos propres assistants IA&hellip; <\/p><\/div>\n\n\n<hr class=\"wp-block-separator has-css-opacity\"\/>\n\n\n<div class=\"wp-block-post-date\"><time datetime=\"2025-09-01T11:16:04+02:00\">01\/09\/2025<\/time><\/div>\n<\/li><li class=\"wp-block-post post-3216 post type-post status-publish format-standard has-post-thumbnail hentry category-uncategorized\">\n<h2 class=\"wp-block-post-title\"><a href=\"https:\/\/ventureo.fr\/en\/bring-your-own-ia-78-des-utilisateurs-dia-apportent-leurs-propres-outils-dia-au-travail\/\" target=\"_self\" >Bring Your Own AI: 78 % of AI users bring their own AI tools to work<\/a><\/h2>\n\n<figure class=\"alignwide wp-block-post-featured-image\"><a href=\"https:\/\/ventureo.fr\/en\/bring-your-own-ia-78-des-utilisateurs-dia-apportent-leurs-propres-outils-dia-au-travail\/\" target=\"_self\"  ><img decoding=\"async\" width=\"1280\" height=\"720\" src=\"https:\/\/ventureo.fr\/wp-content\/uploads\/2025\/08\/Miniature-Article-Vic-11.png\" class=\"attachment-post-thumbnail size-post-thumbnail wp-post-image\" alt=\"Bring Your Own IA : 78 % des utilisateurs d&#8217;IA apportent leurs propres outils d&#8217;IA au travail\" style=\"object-fit:cover;\" srcset=\"https:\/\/ventureo.fr\/wp-content\/uploads\/2025\/08\/Miniature-Article-Vic-11.png 1280w, https:\/\/ventureo.fr\/wp-content\/uploads\/2025\/08\/Miniature-Article-Vic-11-300x169.png 300w, https:\/\/ventureo.fr\/wp-content\/uploads\/2025\/08\/Miniature-Article-Vic-11-1024x576.png 1024w, https:\/\/ventureo.fr\/wp-content\/uploads\/2025\/08\/Miniature-Article-Vic-11-768x432.png 768w, https:\/\/ventureo.fr\/wp-content\/uploads\/2025\/08\/Miniature-Article-Vic-11-18x10.png 18w, https:\/\/ventureo.fr\/wp-content\/uploads\/2025\/08\/Miniature-Article-Vic-11-89x50.png 89w\" sizes=\"(max-width: 1280px) 100vw, 1280px\" \/><\/a><\/figure>\n\n<div class=\"wp-block-post-excerpt\"><p class=\"wp-block-post-excerpt__excerpt\">Apportez votre propre IA (BYOAI) : 78 % des employ\u00e9s utilisent leurs propres outils d\u2019IA au travail Introduction : l\u2019\u00e8re des IA, entre enthousiasme et clandestinit\u00e9 Nous vivons une \u00e9poque charni\u00e8re : celle de l\u2019\u00e8re des IA.En quelques mois, l\u2019IA g\u00e9n\u00e9rative est entr\u00e9e dans nos vies, avec des outils comme ChatGPT, Copilot ou Gemini. Ils&hellip; <\/p><\/div>\n\n\n<hr class=\"wp-block-separator has-css-opacity\"\/>\n\n\n<div class=\"wp-block-post-date\"><time datetime=\"2025-08-27T17:07:24+02:00\">27\/08\/2025<\/time><\/div>\n<\/li><\/ul><\/div>","protected":false},"excerpt":{"rendered":"","protected":false},"author":1,"featured_media":0,"parent":0,"menu_order":0,"comment_status":"closed","ping_status":"closed","template":"","meta":{"_seopress_robots_primary_cat":"","_seopress_titles_title":"","_seopress_titles_desc":"","_seopress_robots_index":"","_surecart_dashboard_logo_width":"180px","_surecart_dashboard_show_logo":true,"_surecart_dashboard_navigation_orders":true,"_surecart_dashboard_navigation_invoices":true,"_surecart_dashboard_navigation_subscriptions":true,"_surecart_dashboard_navigation_downloads":true,"_surecart_dashboard_navigation_billing":true,"_surecart_dashboard_navigation_account":true,"footnotes":""},"class_list":["post-469","page","type-page","status-publish","hentry"],"acpt":null,"_links":{"self":[{"href":"https:\/\/ventureo.fr\/en\/wp-json\/wp\/v2\/pages\/469","targetHints":{"allow":["GET"]}}],"collection":[{"href":"https:\/\/ventureo.fr\/en\/wp-json\/wp\/v2\/pages"}],"about":[{"href":"https:\/\/ventureo.fr\/en\/wp-json\/wp\/v2\/types\/page"}],"author":[{"embeddable":true,"href":"https:\/\/ventureo.fr\/en\/wp-json\/wp\/v2\/users\/1"}],"replies":[{"embeddable":true,"href":"https:\/\/ventureo.fr\/en\/wp-json\/wp\/v2\/comments?post=469"}],"version-history":[{"count":0,"href":"https:\/\/ventureo.fr\/en\/wp-json\/wp\/v2\/pages\/469\/revisions"}],"wp:attachment":[{"href":"https:\/\/ventureo.fr\/en\/wp-json\/wp\/v2\/media?parent=469"}],"curies":[{"name":"wp","href":"https:\/\/api.w.org\/{rel}","templated":true}]}}