{"id":5567,"date":"2026-03-09T17:27:55","date_gmt":"2026-03-09T16:27:55","guid":{"rendered":"https:\/\/ventureo.fr\/?page_id=5567"},"modified":"2026-03-09T17:33:55","modified_gmt":"2026-03-09T16:33:55","slug":"abonnement-hub-france-ia","status":"publish","type":"page","link":"https:\/\/ventureo.fr\/en\/abonnement-hub-france-ia\/","title":{"rendered":"Abonnement &#8211; Hub France IA"},"content":{"rendered":"<sc-checkout\n\tclass=\"checkout\"\n\tid=\"sc-checkout-5565\"\n\tstyle=\"text-align: left;--sc-form-row-spacing: 25px;\"\n\tmodified=\"2026-03-10 12:15:08\"\n\talignment=\"\"\n\tsuccess-url=\"\"\n>\n\t<sc-form>\n\t\t\t\t\t<sc-checkbox name=\"get_feedback\" value=\"Feedback\" style=\"display: none !important;\"><\/sc-checkbox>\n\t\t\t\t\n\n<div class=\"wp-block-surecart-columns has-background-background-color has-background is-layout-flex wp-block-surecart-columns-is-layout-flex\">\n<div class=\"wp-block-surecart-column is-vertically-aligned-top is-sticky\" style=\"top:50px\">\n<sc-heading>Order summary<span slot=\"description\"><\/span><span slot=\"end\">\n<figure class=\"wp-block-image size-full has-custom-border\"><img decoding=\"async\" width=\"400\" height=\"200\" src=\"https:\/\/ventureo.fr\/wp-content\/uploads\/2026\/03\/H_IA-Logo-Bleu-full.gif\" alt=\"\" class=\"wp-image-5564\" style=\"border-top-left-radius:46px;border-top-right-radius:46px;border-bottom-left-radius:46px;border-bottom-right-radius:46px\"\/><\/figure>\n<\/span><\/sc-heading>\n\n\n<sc-price-choices\n\t\t\t\t\tclass=\"wp-block-surecart-price-choice\"\n\t\t\t\t\tlabel=\"Choisissez votre abonnement\"\n\t\t\t\t\ttype=\"radio\"\n\t\t\t\t\tcolumns=\"1\"\n\t\t\t\t>\n\t\t<sc-price-choice\n\t\t\tid=\"sc-price-choice-1\"\n\t\t\tprice-id=\"93148336-7397-4570-b2f9-1a060347d583\"\n\t\t\ttype=\"radio\"\n\t\t\tlabel=\"\"\n\t\t\tdescription=\"\"\n\t\t\tchecked=\"true\"\n\t\t\tshow-label=\"true\"\n\t\t\tshow-price=\"true\"\n\t\t\tshow-control=\"false\"\n\t\t\tquantity=\"1\"\n\t\t><\/sc-price-choice>\n\t\t\n\n\t\t<sc-price-choice\n\t\t\tid=\"sc-price-choice-2\"\n\t\t\tprice-id=\"d4bcb68a-dc12-4bf2-a99f-f7e7efea8203\"\n\t\t\ttype=\"radio\"\n\t\t\tlabel=\"\"\n\t\t\tdescription=\"\"\n\t\t\tchecked=\"false\"\n\t\t\tshow-label=\"true\"\n\t\t\tshow-price=\"true\"\n\t\t\tshow-control=\"false\"\n\t\t\tquantity=\"1\"\n\t\t><\/sc-price-choice>\n\t\t\n<\/sc-price-choices>\n\n\n<div class=\"wp-block-buttons is-layout-flex wp-block-buttons-is-layout-flex\">\n<div class=\"wp-block-button has-custom-width wp-block-button__width-100 is-style-fill\"><a class=\"wp-block-button__link wp-element-button\" href=\"mailto:victoria@manabou.fr\" style=\"border-top-left-radius:8px;border-top-right-radius:8px;border-bottom-left-radius:8px;border-bottom-right-radius:8px\">Are you subscribing for a company?<\/a><\/div>\n<\/div>\n\n\n\n<sc-order-summary order-summary-text=\"Summary\" invoice-summary-text=\"Invoice Summary\" class=\"wp-block-surecart-totals\">\n<sc-divider><\/sc-divider>\n\n\n\n<sc-line-items removable=\"false\" editable=\"false\" class=\"wp-block-surecart-line-items\"><\/sc-line-items>\n\n\n\n<sc-divider><\/sc-divider>\n\n\n\n<sc-line-item-total total=\"subtotal\" class=\"wp-block-surecart-subtotal\"><span slot=\"description\">Subtotal<\/span><span slot=\"total-payments-description\">Total Installments<\/span><span slot=\"first-payment-subtotal-description\">Initial Payment<\/span><\/sc-line-item-total>\n\n\n<sc-line-item-trial class=\"wp-block-surecart-trial-line-item\" label=\"Trial\"><\/sc-line-item-trial>\n\n\t\t<sc-order-coupon-form\n\t\t\tlabel=\"Ajouter un code promo\"\n\t\t\tplaceholder=\"Entrer le code promo\"\n\t\t\tbutton-text=\"Appliquer le code promo\"\n\t\t\tcollapsed>\n\t\t<\/sc-order-coupon-form>\n\t\t\n\n\n<sc-line-item-tax class=\"wp-block-surecart-tax-line-item\"><\/sc-line-item-tax>\n\n\n\n<sc-divider><\/sc-divider>\n\n\n\n<sc-line-item-total total=\"total\" size=\"large\" show-currency=\"1\" class=\"wp-block-surecart-total\"><span slot=\"title\">Total<\/span><span slot=\"subscription-title\">Total Due Today<\/span><span slot=\"first-payment-total-description\">Subtotal<\/span><span slot=\"free-trial-description\">Trial<\/span><span slot=\"due-amount-description\">Amount Due<\/span><\/sc-line-item-total>\n<\/sc-order-summary>\n<\/div>\n\n\n\n<div class=\"wp-block-surecart-column\" style=\"padding-top:0px;padding-right:0px;padding-bottom:0px;padding-left:0px\">\n<sc-heading>Some information<span slot=\"description\"><\/span><span slot=\"end\"><\/span><\/sc-heading>\n\n\n\n\t\t<sc-customer-email\n\t\t\tclass=\"\"\n\t\t\tlabel=\"Votre adresse email\"\n\t\t\t\t\t\t\t\t\t\t\t\t\t\t\trequired\n\t\t\tautocomplete='email'\n\t\t\tinputmode='email'\n\t\t>\n\t\t<\/sc-customer-email>\n\n\t\t\n\n\n\t\t<sc-order-password\n\t\t\ttype=\"password\"\n\t\t\tname=\"password\"\n\t\t\tclass=\"\"\n\t\t\tlabel=\"Cr\u00e9ez un mot de passe \"\n\t\t\thelp=\"\"\n\t\t\tautofocus=\"\"\n\t\t\tmaxlength=\"\"\n\t\t\tminlength=\"\"\n\t\t\tplaceholder=\"\"\n\t\t\tshowlabel=\"1\"\n\t\t\tsize=\"\"\n\t\t\tvalue=\"\"\n\t\t\trequired=\"false\"\n\t\t\tconfirmation=\"false\"\n\t\t\tconfirmation-label=\"Password Confirmation\"\n\t\t\tconfirmation-placeholder=\"\"\n\t\t\tconfirmation-help=\"\"\n\t\t\tenable-validation=\"true\"\n\t\t>\n\t\t<\/sc-order-password>\n\n\t\t\n\n\n\t\t<sc-payment\n\t\t\tid=\"sc-payment-0\"\n\t\t\tclass=\"\"\n\t\t>\n\t\t\t\t\t\t\t<sc-stripe-payment-element slot=\"stripe\"><\/sc-stripe-payment-element>\n\t\t\t\n\t\t\t\t\t\t\t\t\t\t\t\t<sc-tag slot=\"label-end\" type=\"warning\" size=\"small\" exportparts=\"base:test-badge__base, content:test-badge__content\">\n\t\t\t\t\t\tTest Mode\t\t\t\t\t<\/sc-tag>\n\t\t\t\t\t\t\t\t\t<\/sc-payment>\n\t\t\n\n\n<sc-switch name=\"switch\" value=\"on\" required>I accept the terms and conditions<span slot=\"description\">You can access it here<\/span><\/sc-switch>\n\n\n\t\t<sc-order-submit\n\t\t\ttype=\"primary\"\n\t\t\tfull=\"true\"\n\t\t\tsize=\"large\"\n\t\t\ticon=\"lock\"\t\t\tshow-total=\"false\"\n\t\t\tsecure-notice=\"true\"\n\t\t\tsecure-notice-text=\"Processus de paiement crypt\u00e9 et s\u00e9curis\u00e9.\"\n\t\t\t\t\t\t\t\t\tclass=\"wp-block-surecart-submit\"\n\t\t>One click and you're on your way!<\/sc-order-submit>\n\t\t<\/div>\n<\/div>\n\n\t<\/sc-form>\n<\/sc-checkout>","protected":false},"excerpt":{"rendered":"","protected":false},"author":1,"featured_media":0,"parent":0,"menu_order":0,"comment_status":"closed","ping_status":"closed","template":"","meta":{"_seopress_robots_primary_cat":"","_seopress_titles_title":"","_seopress_titles_desc":"","_seopress_robots_index":"","_surecart_dashboard_logo_width":"180px","_surecart_dashboard_show_logo":true,"_surecart_dashboard_navigation_orders":true,"_surecart_dashboard_navigation_invoices":true,"_surecart_dashboard_navigation_subscriptions":true,"_surecart_dashboard_navigation_downloads":true,"_surecart_dashboard_navigation_billing":true,"_surecart_dashboard_navigation_account":true,"footnotes":""},"class_list":["post-5567","page","type-page","status-publish","hentry"],"acpt":null,"_links":{"self":[{"href":"https:\/\/ventureo.fr\/en\/wp-json\/wp\/v2\/pages\/5567","targetHints":{"allow":["GET"]}}],"collection":[{"href":"https:\/\/ventureo.fr\/en\/wp-json\/wp\/v2\/pages"}],"about":[{"href":"https:\/\/ventureo.fr\/en\/wp-json\/wp\/v2\/types\/page"}],"author":[{"embeddable":true,"href":"https:\/\/ventureo.fr\/en\/wp-json\/wp\/v2\/users\/1"}],"replies":[{"embeddable":true,"href":"https:\/\/ventureo.fr\/en\/wp-json\/wp\/v2\/comments?post=5567"}],"version-history":[{"count":4,"href":"https:\/\/ventureo.fr\/en\/wp-json\/wp\/v2\/pages\/5567\/revisions"}],"predecessor-version":[{"id":5577,"href":"https:\/\/ventureo.fr\/en\/wp-json\/wp\/v2\/pages\/5567\/revisions\/5577"}],"wp:attachment":[{"href":"https:\/\/ventureo.fr\/en\/wp-json\/wp\/v2\/media?parent=5567"}],"curies":[{"name":"wp","href":"https:\/\/api.w.org\/{rel}","templated":true}]}}